{"id":11243,"date":"2021-11-09T09:30:48","date_gmt":"2021-11-09T08:30:48","guid":{"rendered":"https:\/\/sapporost.com\/Sense%20categoria\/dorayaki-de-cheesecake-de-limon"},"modified":"2021-11-09T09:33:02","modified_gmt":"2021-11-09T08:33:02","slug":"dorayaki-de-cheesecake-de-llimona","status":"publish","type":"product","link":"https:\/\/restaurantesushihana.com\/ca\/postres\/dorayaki-de-cheesecake-de-llimona\/","title":{"rendered":"Dorayaki de cheesecake de llimona"},"content":{"rendered":"<ul>\n<li><strong>Ingredients<\/strong>: sucre, farina de blat, ou, aigua, crema de formatge, crema de llet, formatge mascarpone, mantega, xarop de glucosa, suc de llimona, mel.<\/li>\n<li><strong>Al\u00b7l\u00e8rgens<\/strong>: cont\u00e9 llet, farina de blat, ou.<\/li>\n<li><strong>Pot contenir<\/strong>: soja, llavors de s\u00e8sam, cacauets i mostassa.<\/li>\n<\/ul>\n","protected":false},"excerpt":{"rendered":"<p>Ingredients: sucre, farina de blat, ou, aigua, crema de formatge, crema de llet, formatge mascarpone, mantega, xarop de glucosa, suc de llimona, mel. Al\u00b7l\u00e8rgens: cont\u00e9 llet, farina de blat, ou. Pot contenir: soja, llavors de s\u00e8sam, cacauets i mostassa.<\/p>\n","protected":false},"featured_media":11641,"comment_status":"closed","ping_status":"closed","template":"","meta":{"_coblocks_attr":"","_coblocks_dimensions":"","_coblocks_responsive_height":"","_coblocks_accordion_ie_support":"","_uag_custom_page_level_css":"","site-sidebar-layout":"default","site-content-layout":"default","ast-site-content-layout":"default","site-content-style":"default","site-sidebar-style":"default","ast-global-header-display":"","ast-banner-title-visibility":"","ast-main-header-display":"","ast-hfb-above-header-display":"","ast-hfb-below-header-display":"","ast-hfb-mobile-header-display":"","site-post-title":"","ast-breadcrumbs-content":"","ast-featured-img":"","footer-sml-layout":"","ast-disable-related-posts":"","theme-transparent-header-meta":"default","adv-header-id-meta":"","stick-header-meta":"default","header-above-stick-meta":"","header-main-stick-meta":"","header-below-stick-meta":"","astra-migrate-meta-layouts":"default","ast-page-background-enabled":"default","ast-page-background-meta":{"desktop":{"background-color":"","background-image":"","background-repeat":"repeat","background-position":"center center","background-size":"auto","background-attachment":"scroll","background-type":"","background-media":"","overlay-type":"","overlay-color":"","overlay-opacity":"","overlay-gradient":""},"tablet":{"background-color":"","background-image":"","background-repeat":"repeat","background-position":"center center","background-size":"auto","background-attachment":"scroll","background-type":"","background-media":"","overlay-type":"","overlay-color":"","overlay-opacity":"","overlay-gradient":""},"mobile":{"background-color":"","background-image":"","background-repeat":"repeat","background-position":"center center","background-size":"auto","background-attachment":"scroll","background-type":"","background-media":"","overlay-type":"","overlay-color":"","overlay-opacity":"","overlay-gradient":""}},"ast-content-background-meta":{"desktop":{"background-color":"var(--ast-global-color-5)","background-image":"","background-repeat":"repeat","background-position":"center center","background-size":"auto","background-attachment":"scroll","background-type":"","background-media":"","overlay-type":"","overlay-color":"","overlay-opacity":"","overlay-gradient":""},"tablet":{"background-color":"var(--ast-global-color-5)","background-image":"","background-repeat":"repeat","background-position":"center center","background-size":"auto","background-attachment":"scroll","background-type":"","background-media":"","overlay-type":"","overlay-color":"","overlay-opacity":"","overlay-gradient":""},"mobile":{"background-color":"var(--ast-global-color-5)","background-image":"","background-repeat":"repeat","background-position":"center center","background-size":"auto","background-attachment":"scroll","background-type":"","background-media":"","overlay-type":"","overlay-color":"","overlay-opacity":"","overlay-gradient":""}}},"product_brand":[],"product_cat":[97],"product_tag":[],"alergeno":[],"class_list":{"0":"post-11243","1":"product","2":"type-product","3":"status-publish","4":"has-post-thumbnail","6":"product_cat-postres","7":"desktop-align-center","8":"tablet-align-center","9":"mobile-align-center","10":"ast-product-gallery-layout-horizontal-slider","11":"ast-product-gallery-with-no-image","12":"ast-magnify-disabled","13":"ast-product-tabs-layout-horizontal","15":"first","16":"outofstock","17":"taxable","18":"shipping-taxable","19":"purchasable","20":"product-type-simple"},"composite_virtual":false,"composite_layout":"","composite_add_to_cart_form_location":"","composite_editable_in_cart":false,"composite_sold_individually_context":"","composite_shop_price_calc":"","composite_components":[],"composite_scenarios":[],"uagb_featured_image_src":{"full":["https:\/\/restaurantesushihana.com\/wp-content\/uploads\/2021\/11\/sapporo-dorayaki-cheesecake-limon.jpg",500,500,false],"thumbnail":["https:\/\/restaurantesushihana.com\/wp-content\/uploads\/2021\/11\/sapporo-dorayaki-cheesecake-limon-150x150.jpg",150,150,true],"medium":["https:\/\/restaurantesushihana.com\/wp-content\/uploads\/2021\/11\/sapporo-dorayaki-cheesecake-limon-300x300.jpg",300,300,true],"medium_large":["https:\/\/restaurantesushihana.com\/wp-content\/uploads\/2021\/11\/sapporo-dorayaki-cheesecake-limon.jpg",500,500,false],"large":["https:\/\/restaurantesushihana.com\/wp-content\/uploads\/2021\/11\/sapporo-dorayaki-cheesecake-limon.jpg",500,500,false],"etfrtb_logo":["https:\/\/restaurantesushihana.com\/wp-content\/uploads\/2021\/11\/sapporo-dorayaki-cheesecake-limon.jpg",200,200,false],"1536x1536":["https:\/\/restaurantesushihana.com\/wp-content\/uploads\/2021\/11\/sapporo-dorayaki-cheesecake-limon.jpg",500,500,false],"2048x2048":["https:\/\/restaurantesushihana.com\/wp-content\/uploads\/2021\/11\/sapporo-dorayaki-cheesecake-limon.jpg",500,500,false],"woocommerce_thumbnail":["https:\/\/restaurantesushihana.com\/wp-content\/uploads\/2021\/11\/sapporo-dorayaki-cheesecake-limon-300x300.jpg",300,300,true],"woocommerce_single":["https:\/\/restaurantesushihana.com\/wp-content\/uploads\/2021\/11\/sapporo-dorayaki-cheesecake-limon.jpg",500,500,false],"woocommerce_gallery_thumbnail":["https:\/\/restaurantesushihana.com\/wp-content\/uploads\/2021\/11\/sapporo-dorayaki-cheesecake-limon-100x100.jpg",100,100,true]},"uagb_author_info":{"display_name":"empiezapori","author_link":"https:\/\/restaurantesushihana.com\/ca\/author\/"},"uagb_comment_info":0,"uagb_excerpt":"Ingredients: sucre, farina de blat, ou, aigua, crema de formatge, crema de llet, formatge mascarpone, mantega, xarop de glucosa, suc de llimona, mel. Al\u00b7l\u00e8rgens: cont\u00e9 llet, farina de blat, ou. Pot contenir: soja, llavors de s\u00e8sam, cacauets i mostassa.","_links":{"self":[{"href":"https:\/\/restaurantesushihana.com\/ca\/wp-json\/wp\/v2\/product\/11243","targetHints":{"allow":["GET"]}}],"collection":[{"href":"https:\/\/restaurantesushihana.com\/ca\/wp-json\/wp\/v2\/product"}],"about":[{"href":"https:\/\/restaurantesushihana.com\/ca\/wp-json\/wp\/v2\/types\/product"}],"replies":[{"embeddable":true,"href":"https:\/\/restaurantesushihana.com\/ca\/wp-json\/wp\/v2\/comments?post=11243"}],"wp:featuredmedia":[{"embeddable":true,"href":"https:\/\/restaurantesushihana.com\/ca\/wp-json\/wp\/v2\/media\/11641"}],"wp:attachment":[{"href":"https:\/\/restaurantesushihana.com\/ca\/wp-json\/wp\/v2\/media?parent=11243"}],"wp:term":[{"taxonomy":"product_brand","embeddable":true,"href":"https:\/\/restaurantesushihana.com\/ca\/wp-json\/wp\/v2\/product_brand?post=11243"},{"taxonomy":"product_cat","embeddable":true,"href":"https:\/\/restaurantesushihana.com\/ca\/wp-json\/wp\/v2\/product_cat?post=11243"},{"taxonomy":"product_tag","embeddable":true,"href":"https:\/\/restaurantesushihana.com\/ca\/wp-json\/wp\/v2\/product_tag?post=11243"},{"taxonomy":"alergeno","embeddable":true,"href":"https:\/\/restaurantesushihana.com\/ca\/wp-json\/wp\/v2\/alergeno?post=11243"}],"curies":[{"name":"wp","href":"https:\/\/api.w.org\/{rel}","templated":true}]}}