{"id":6172,"date":"2021-07-21T16:40:00","date_gmt":"2021-07-21T14:40:00","guid":{"rendered":"https:\/\/sapporost.com\/aviso-legal"},"modified":"2021-09-14T17:23:48","modified_gmt":"2021-09-14T15:23:48","slug":"avis-legal","status":"publish","type":"page","link":"https:\/\/restaurantesushihana.com\/ca\/avis-legal\/","title":{"rendered":"Av\u00eds legal"},"content":{"rendered":"\n<p><strong><strong>Suiqin Zhou<\/strong>, <\/strong>societat de nacionalitat espanyola amb domicili social situat en <strong>Carretera Real, 29-33 &nbsp;&#8211; &nbsp;08960 Sant Just Desve<\/strong>rn, \u00e9s la titular de la base de dades .<\/p>\n\n\n\n<p>Totes les dades facilitades a trav\u00e9s de formularis electr\u00f2nics i\/o mitjan\u00e7ant correu electr\u00f2nic seran tractats amb estricta confidencialitat d&#8217;acord amb la Llei Org\u00e0nica 15\/1999, de 13 de desembre, de protecci\u00f3 de dades de car\u00e0cter personal, i l&#8217;informem que t\u00e9 vost\u00e8 dret d&#8217;acc\u00e9s al fitxer, rectificaci\u00f3 i cancel\u00b7laci\u00f3 de les seves dades, podent exercitar tals drets enviant per escrit una sol\u00b7licitud al <strong>Carretera Real, 29-33 &nbsp;&#8211; &nbsp;08960 Sant Just Desvern<\/strong>.<\/p>\n\n\n\n<p>Les dades sol\u00b7licitades s\u00f3n les estrictament necess\u00e0ries per a la correcta identificaci\u00f3 del remitent, portar a terme tasques b\u00e0siques d&#8217;administraci\u00f3 i doc\u00e8ncia. <strong>Suiqin Zhou<\/strong>&nbsp;insisteix en el seu comprom\u00eds d&#8217;\u00fas responsable i confidencial de les dades, garantint que les dades dels usuaris es tractaran d&#8217;acord amb les exig\u00e8ncies legals, i que tan sols seran utilitzades per <strong>Suiqin Zhou<\/strong>&nbsp;i les empreses del seu entorn de serveis amb el prop\u00f2sit indicat.<\/p>\n\n\n\n<p>Les dades demanades s\u00f3n les adequades, pertinents i no excessives en relaci\u00f3 amb l&#8217;\u00e0mbit i finalitats descrits. L&#8217;usuari respondr\u00e0, en qualsevol cas, de la veracitat de les dades facilitades, reservant- <strong>Suiqin Zhou<\/strong>&nbsp;el dret a excloure dels serveis registrats a tot usuari que hagi facilitat dades falses, sense perjudici de les altres accions que procedeixin en Dret .<\/p>\n\n\n\n<p><strong><strong>Consentiment del remitent<\/strong><\/strong>&nbsp;<\/p>\n\n\n\n<p>Mitjan\u00e7ant l&#8217;enviament dels formularis existents en aquesta p\u00e0gina web o mitjan\u00e7ant l&#8217;enviament d&#8217;un missatge de correu electr\u00f2nic, el remitent presta el seu consentiment al tractament automatitzat de les dades incloses en el mateix. En qualsevol cas, les dades facilitades no seran objecte de cessi\u00f3 a tercers.<\/p>\n","protected":false},"excerpt":{"rendered":"<p>Suiqin Zhou, societat de nacionalitat espanyola amb domicili social situat en Carretera Real, 29-33 &nbsp;&#8211; &nbsp;08960 Sant Just Desvern, \u00e9s la titular de la base de dades . Totes les dades facilitades a trav\u00e9s de formularis electr\u00f2nics i\/o mitjan\u00e7ant correu electr\u00f2nic seran tractats amb estricta confidencialitat d&#8217;acord amb la Llei Org\u00e0nica 15\/1999, de 13 de [&hellip;]<\/p>\n","protected":false},"author":1,"featured_media":0,"parent":0,"menu_order":0,"comment_status":"closed","ping_status":"closed","template":"","meta":{"_coblocks_attr":"","_coblocks_dimensions":"","_coblocks_responsive_height":"","_coblocks_accordion_ie_support":"","_uag_custom_page_level_css":"","site-sidebar-layout":"no-sidebar","site-content-layout":"content-boxed-container","ast-site-content-layout":"default","site-content-style":"default","site-sidebar-style":"default","ast-global-header-display":"","ast-banner-title-visibility":"","ast-main-header-display":"","ast-hfb-above-header-display":"","ast-hfb-below-header-display":"","ast-hfb-mobile-header-display":"","site-post-title":"","ast-breadcrumbs-content":"","ast-featured-img":"","footer-sml-layout":"","ast-disable-related-posts":"","theme-transparent-header-meta":"default","adv-header-id-meta":"","stick-header-meta":"default","header-above-stick-meta":"","header-main-stick-meta":"","header-below-stick-meta":"","astra-migrate-meta-layouts":"default","ast-page-background-enabled":"default","ast-page-background-meta":{"desktop":{"background-color":"","background-image":"","background-repeat":"repeat","background-position":"center center","background-size":"auto","background-attachment":"scroll","background-type":"","background-media":"","overlay-type":"","overlay-color":"","overlay-opacity":"","overlay-gradient":""},"tablet":{"background-color":"","background-image":"","background-repeat":"repeat","background-position":"center center","background-size":"auto","background-attachment":"scroll","background-type":"","background-media":"","overlay-type":"","overlay-color":"","overlay-opacity":"","overlay-gradient":""},"mobile":{"background-color":"","background-image":"","background-repeat":"repeat","background-position":"center center","background-size":"auto","background-attachment":"scroll","background-type":"","background-media":"","overlay-type":"","overlay-color":"","overlay-opacity":"","overlay-gradient":""}},"ast-content-background-meta":{"desktop":{"background-color":"var(--ast-global-color-5)","background-image":"","background-repeat":"repeat","background-position":"center center","background-size":"auto","background-attachment":"scroll","background-type":"","background-media":"","overlay-type":"","overlay-color":"","overlay-opacity":"","overlay-gradient":""},"tablet":{"background-color":"var(--ast-global-color-5)","background-image":"","background-repeat":"repeat","background-position":"center center","background-size":"auto","background-attachment":"scroll","background-type":"","background-media":"","overlay-type":"","overlay-color":"","overlay-opacity":"","overlay-gradient":""},"mobile":{"background-color":"var(--ast-global-color-5)","background-image":"","background-repeat":"repeat","background-position":"center center","background-size":"auto","background-attachment":"scroll","background-type":"","background-media":"","overlay-type":"","overlay-color":"","overlay-opacity":"","overlay-gradient":""}},"footnotes":""},"class_list":["post-6172","page","type-page","status-publish","hentry"],"uagb_featured_image_src":{"full":false,"thumbnail":false,"medium":false,"medium_large":false,"large":false,"etfrtb_logo":false,"1536x1536":false,"2048x2048":false,"woocommerce_thumbnail":false,"woocommerce_single":false,"woocommerce_gallery_thumbnail":false},"uagb_author_info":{"display_name":"empiezapori","author_link":"https:\/\/restaurantesushihana.com\/ca\/author\/empiezapori\/"},"uagb_comment_info":0,"uagb_excerpt":"Suiqin Zhou, societat de nacionalitat espanyola amb domicili social situat en Carretera Real, 29-33 &nbsp;&#8211; &nbsp;08960 Sant Just Desvern, \u00e9s la titular de la base de dades . Totes les dades facilitades a trav\u00e9s de formularis electr\u00f2nics i\/o mitjan\u00e7ant correu electr\u00f2nic seran tractats amb estricta confidencialitat d&#8217;acord amb la Llei Org\u00e0nica 15\/1999, de 13 de&hellip;","_links":{"self":[{"href":"https:\/\/restaurantesushihana.com\/ca\/wp-json\/wp\/v2\/pages\/6172","targetHints":{"allow":["GET"]}}],"collection":[{"href":"https:\/\/restaurantesushihana.com\/ca\/wp-json\/wp\/v2\/pages"}],"about":[{"href":"https:\/\/restaurantesushihana.com\/ca\/wp-json\/wp\/v2\/types\/page"}],"author":[{"embeddable":true,"href":"https:\/\/restaurantesushihana.com\/ca\/wp-json\/wp\/v2\/users\/1"}],"replies":[{"embeddable":true,"href":"https:\/\/restaurantesushihana.com\/ca\/wp-json\/wp\/v2\/comments?post=6172"}],"version-history":[{"count":0,"href":"https:\/\/restaurantesushihana.com\/ca\/wp-json\/wp\/v2\/pages\/6172\/revisions"}],"wp:attachment":[{"href":"https:\/\/restaurantesushihana.com\/ca\/wp-json\/wp\/v2\/media?parent=6172"}],"curies":[{"name":"wp","href":"https:\/\/api.w.org\/{rel}","templated":true}]}}